{"id":31,"date":"2025-10-22T09:08:50","date_gmt":"2025-10-22T07:08:50","guid":{"rendered":"https:\/\/h2laser.pl\/?page_id=31"},"modified":"2025-10-22T10:56:45","modified_gmt":"2025-10-22T08:56:45","slug":"o-nas","status":"publish","type":"page","link":"https:\/\/h2laser.pl\/index.php\/o-nas\/","title":{"rendered":"O nas"},"content":{"rendered":"\t\t<div data-elementor-type=\"wp-page\" data-elementor-id=\"31\" class=\"elementor elementor-31\" data-elementor-post-type=\"page\">\n\t\t\t\t<div class=\"elementor-element elementor-element-4b070ee8 e-flex e-con-boxed e-con e-parent\" data-id=\"4b070ee8\" data-element_type=\"container\" data-settings=\"{&quot;background_background&quot;:&quot;classic&quot;}\">\n\t\t\t\t\t<div class=\"e-con-inner\">\n\t\t\t\t<div class=\"elementor-element elementor-element-173143a9 elementor-invisible elementor-widget elementor-widget-heading\" data-id=\"173143a9\" data-element_type=\"widget\" data-settings=\"{&quot;_animation&quot;:&quot;fadeInUp&quot;}\" data-widget_type=\"heading.default\">\n\t\t\t\t\t<h2 class=\"elementor-heading-title elementor-size-default\">O nas<\/h2>\t\t\t\t<\/div>\n\t\t\t\t<div class=\"elementor-element elementor-element-434ba63b elementor-widget elementor-widget-text-editor\" data-id=\"434ba63b\" data-element_type=\"widget\" data-widget_type=\"text-editor.default\">\n\t\t\t\t\t\t\t\t\t<p class=\"my-2 [&amp;+p]:mt-4 [&amp;_strong:has(+br)]:inline-block [&amp;_strong:has(+br)]:pb-2\">Tworzymy z pasj\u0105, tniemy z precyzj\u0105 \u2013 H2Laser<\/p>\t\t\t\t\t\t\t\t<\/div>\n\t\t\t\t\t<\/div>\n\t\t\t\t<\/div>\n\t\t<div class=\"elementor-element elementor-element-62643fdc e-flex e-con-boxed e-con e-parent\" data-id=\"62643fdc\" data-element_type=\"container\" data-settings=\"{&quot;background_background&quot;:&quot;classic&quot;}\">\n\t\t\t\t\t<div class=\"e-con-inner\">\n\t\t<div class=\"elementor-element elementor-element-5c1578a7 e-con-full e-flex e-con e-child\" data-id=\"5c1578a7\" data-element_type=\"container\">\n\t\t\t\t<div class=\"elementor-element elementor-element-31b533ff elementor-widget elementor-widget-image\" data-id=\"31b533ff\" data-element_type=\"widget\" data-widget_type=\"image.default\">\n\t\t\t\t\t\t\t\t\t\t\t\t\t\t\t<img fetchpriority=\"high\" decoding=\"async\" width=\"800\" height=\"800\" src=\"https:\/\/h2laser.pl\/wp-content\/uploads\/2025\/10\/maszyna_3.png\" class=\"attachment-large size-large wp-image-181\" alt=\"\" srcset=\"https:\/\/h2laser.pl\/wp-content\/uploads\/2025\/10\/maszyna_3.png 1024w, https:\/\/h2laser.pl\/wp-content\/uploads\/2025\/10\/maszyna_3-300x300.png 300w, https:\/\/h2laser.pl\/wp-content\/uploads\/2025\/10\/maszyna_3-150x150.png 150w, https:\/\/h2laser.pl\/wp-content\/uploads\/2025\/10\/maszyna_3-768x768.png 768w\" sizes=\"(max-width: 800px) 100vw, 800px\" \/>\t\t\t\t\t\t\t\t\t\t\t\t\t\t\t<\/div>\n\t\t\t\t<\/div>\n\t\t<div class=\"elementor-element elementor-element-6387ff3e e-con-full e-flex e-con e-child\" data-id=\"6387ff3e\" data-element_type=\"container\">\n\t\t\t\t<div class=\"elementor-element elementor-element-37d15e5 elementor-widget elementor-widget-heading\" data-id=\"37d15e5\" data-element_type=\"widget\" data-widget_type=\"heading.default\">\n\t\t\t\t\t<h3 class=\"elementor-heading-title elementor-size-default\">H2Laser to nowoczesna firma specjalizuj\u0105ca si\u0119 w us\u0142ugach laserowych, obr\u00f3bce metali oraz tworzyw sztucznych. \u0141\u0105czymy innowacyjn\u0105 technologi\u0119 z wieloletnim do\u015bwiadczeniem, realizuj\u0105c zar\u00f3wno indywidualne projekty klient\u00f3w, jak i du\u017ce zam\u00f3wienia dla firm.\nNasza misja to dostarczanie rozwi\u0105za\u0144 o najwy\u017cszej precyzji i jako\u015bci \u2013 od projektu po realizacj\u0119. Korzystamy z zaawansowanego oprogramowania oraz certyfikowanych urz\u0105dze\u0144, by zapewni\u0107 powtarzalno\u015b\u0107, bezpiecze\u0144stwo i terminowo\u015b\u0107 us\u0142ug.\nZesp\u00f3\u0142 H2Laser to specjali\u015bci, kt\u00f3rzy ch\u0119tnie dziel\u0105 si\u0119 wiedz\u0105 i doradzaj\u0105 najlepsze rozwi\u0105zania dopasowane do Twoich potrzeb.<\/h3>\t\t\t\t<\/div>\n\t\t\t\t<\/div>\n\t\t\t\t\t<\/div>\n\t\t\t\t<\/div>\n\t\t\t\t<\/div>\n\t\t","protected":false},"excerpt":{"rendered":"<p>O nas Tworzymy z pasj\u0105, tniemy z precyzj\u0105 \u2013 H2Laser H2Laser to nowoczesna firma specjalizuj\u0105ca si\u0119 w us\u0142ugach laserowych, obr\u00f3bce metali oraz tworzyw sztucznych. \u0141\u0105czymy innowacyjn\u0105 technologi\u0119 z wieloletnim do\u015bwiadczeniem, realizuj\u0105c zar\u00f3wno indywidualne projekty klient\u00f3w, jak i du\u017ce zam\u00f3wienia dla firm. Nasza misja to dostarczanie rozwi\u0105za\u0144 o najwy\u017cszej precyzji i jako\u015bci \u2013 od projektu po [&hellip;]<\/p>\n","protected":false},"author":1,"featured_media":0,"parent":0,"menu_order":0,"comment_status":"closed","ping_status":"closed","template":"elementor_header_footer","meta":{"footnotes":""},"class_list":["post-31","page","type-page","status-publish","hentry"],"_links":{"self":[{"href":"https:\/\/h2laser.pl\/index.php\/wp-json\/wp\/v2\/pages\/31","targetHints":{"allow":["GET"]}}],"collection":[{"href":"https:\/\/h2laser.pl\/index.php\/wp-json\/wp\/v2\/pages"}],"about":[{"href":"https:\/\/h2laser.pl\/index.php\/wp-json\/wp\/v2\/types\/page"}],"author":[{"embeddable":true,"href":"https:\/\/h2laser.pl\/index.php\/wp-json\/wp\/v2\/users\/1"}],"replies":[{"embeddable":true,"href":"https:\/\/h2laser.pl\/index.php\/wp-json\/wp\/v2\/comments?post=31"}],"version-history":[{"count":16,"href":"https:\/\/h2laser.pl\/index.php\/wp-json\/wp\/v2\/pages\/31\/revisions"}],"predecessor-version":[{"id":197,"href":"https:\/\/h2laser.pl\/index.php\/wp-json\/wp\/v2\/pages\/31\/revisions\/197"}],"wp:attachment":[{"href":"https:\/\/h2laser.pl\/index.php\/wp-json\/wp\/v2\/media?parent=31"}],"curies":[{"name":"wp","href":"https:\/\/api.w.org\/{rel}","templated":true}]}}